{"id":313,"date":"2019-02-28T11:45:30","date_gmt":"2019-02-28T10:45:30","guid":{"rendered":"https:\/\/www.labservice.se\/kundsegment\/"},"modified":"2019-06-09T21:16:23","modified_gmt":"2019-06-09T19:16:23","slug":"customer-segments","status":"publish","type":"page","link":"https:\/\/www.labservice.se\/en\/customer-segments\/","title":{"rendered":"Customer segments"},"content":{"rendered":"\n<p>F\u00f6r oss finns inga begr\u00e4nsningar \u2013 ut\u00f6ver den viktiga etiken. V\u00e5r l\u00e5nga erfarenhet har gett oss en djupg\u00e5ende f\u00f6rst\u00e5else f\u00f6r vikten av noggrannhet och timing, inte minst inom v\u00e5rdsektorn som kr\u00e4ver exakthet i varje led f\u00f6r att m\u00e4nniskor inte ska drabbas negativt i slut\u00e4nden.<\/p>\n\n\n\n<h2 class=\"wp-block-heading\">Skr\u00e4ddarsydda l\u00f6sningar f\u00f6r m\u00e5nga branscher<\/h2>\n\n\n\n<p>LabService kan uppfattas som en liten akt\u00f6r och det \u00e4r samtidigt v\u00e5r styrka. Vi tillverkar skr\u00e4ddarsydda l\u00f6sningar \u00e4ven i mindre volymer och vi kan med korta ledtider ta fram anpassade produkter med specifika styrkor.<\/p>\n\n\n\n<p>Kontakta oss med just dina behov. V\u00e5r m\u00e5ls\u00e4ttning \u00e4r alltid att komma med snabba besked och anpassade f\u00f6rslag p\u00e5 l\u00f6sningar.&nbsp;<\/p>\n","protected":false},"excerpt":{"rendered":"<p>F\u00f6r oss finns inga begr\u00e4nsningar \u2013 ut\u00f6ver den viktiga etiken. V\u00e5r l\u00e5nga erfarenhet har gett oss en djupg\u00e5ende f\u00f6rst\u00e5else f\u00f6r vikten av noggrannhet och timing, inte minst inom v\u00e5rdsektorn som<a class=\"excerpt-read-more\" href=\"https:\/\/www.labservice.se\/en\/customer-segments\/\" title=\"L\u00e4s Customer segments\">&#8230; L\u00e4s mer &raquo;<\/a><\/p>\n","protected":false},"author":1,"featured_media":732,"parent":0,"menu_order":0,"comment_status":"closed","ping_status":"closed","template":"templates\/template-overview.php","meta":{"_acf_changed":false,"content-type":"","footnotes":""},"class_list":["post-313","page","type-page","status-publish","has-post-thumbnail","hentry"],"acf":[],"_links":{"self":[{"href":"https:\/\/www.labservice.se\/en\/wp-json\/wp\/v2\/pages\/313","targetHints":{"allow":["GET"]}}],"collection":[{"href":"https:\/\/www.labservice.se\/en\/wp-json\/wp\/v2\/pages"}],"about":[{"href":"https:\/\/www.labservice.se\/en\/wp-json\/wp\/v2\/types\/page"}],"author":[{"embeddable":true,"href":"https:\/\/www.labservice.se\/en\/wp-json\/wp\/v2\/users\/1"}],"replies":[{"embeddable":true,"href":"https:\/\/www.labservice.se\/en\/wp-json\/wp\/v2\/comments?post=313"}],"version-history":[{"count":2,"href":"https:\/\/www.labservice.se\/en\/wp-json\/wp\/v2\/pages\/313\/revisions"}],"predecessor-version":[{"id":316,"href":"https:\/\/www.labservice.se\/en\/wp-json\/wp\/v2\/pages\/313\/revisions\/316"}],"wp:featuredmedia":[{"embeddable":true,"href":"https:\/\/www.labservice.se\/en\/wp-json\/wp\/v2\/media\/732"}],"wp:attachment":[{"href":"https:\/\/www.labservice.se\/en\/wp-json\/wp\/v2\/media?parent=313"}],"curies":[{"name":"wp","href":"https:\/\/api.w.org\/{rel}","templated":true}]}}