{"id":3006,"date":"2022-06-21T14:02:25","date_gmt":"2022-06-21T12:02:25","guid":{"rendered":"https:\/\/www.labservice.se\/?page_id=3006"},"modified":"2022-06-21T16:34:13","modified_gmt":"2022-06-21T14:34:13","slug":"document","status":"publish","type":"page","link":"https:\/\/www.labservice.se\/en\/document\/","title":{"rendered":"Document"},"content":{"rendered":"\n<p>Enter the document Name\/Batchnumber in the field below and press enter to perform a search. The field will then provide suggestions for documents.<\/p>\n\n\n\n<link rel=\"stylesheet\" href=\"https:\/\/cdnjs.cloudflare.com\/ajax\/libs\/font-awesome\/4.7.0\/css\/font-awesome.min.css\">\n\n<style>\n.wp-block-group__inner-container{\n   \n}\n.after-content-icons {\n    display: block;\n    align-items: left;\n}\n.facetwp-autocomplete-update{\n   display: none;\n}\nform{\ndisplay: block;\n}\n.list{\n    display: block;\n  width: 50%;\n}\n.filter{\n  display: block;\n  width: 50%;\n}\ninput, select {\n    display: inline-block;\n    width: 10em;\n    border: 2px solid #73AD21;\n}\nlabel {\n    display: inline-block;\n    width: 10em;\n    padding-top: 1.5em;\n    text-align:left;\n}\n[type=text]{\n\n}\nselect {\n  border: 1px solid black;\n}\n.border {\n  width: 100%;\n  padding: 10px;\n  background-color: #F0F0F0;\n  margin: 0;\n  padding: 10px;\n  box-shadow: 5px 10px 8px #888888;\n  border: 1px solid #dddddd;\n}\n.search{\n  width: 65%;\n}\nsearch-bar{\n    display: inline-block;\n    width: 10em;\n    padding-top: 1.5em;\n    text-align:left;\n}\nbutton {\n  background-color: #008CBA; \n  border: none;\n  color: white;\n  padding: 10px 32px;\n  text-align: center;\n  text-decoration: none;\n  display: inline-block;\n  font-size: 16px;\n}\n.content{\n\n}\n.sidebar__widget {\n  padding: 10px;\n  box-shadow: 5px 10px 8px #888888;\n  border: 1px solid #dddddd;\n}\n<\/style>\n<div class=\"border\">\n<div class=\"after-content-icons\">\n      <form id=\"search-nav\">\n         <label class=\"search\" for=\"facetwp-autocomplete fcomplete-enabled\"><strong>S\u00f6k <\/strong><div class=\"facetwp-facet facetwp-facet-categories facetwp-type-autocomplete\" data-name=\"categories\" data-type=\"autocomplete\"><\/div><\/label>\n         <label for\"facetwp-facet=\"\" facetwp-facet-reset=\"\" facetwp-type-reset\"=\"\"><div class=\"facetwp-facet facetwp-facet-reset facetwp-type-reset\" data-name=\"reset\" data-type=\"reset\"><\/div> \n         <\/label>\n      <\/form>\n      <form id=\"filter\">\n         <label for=\"facetwp-dropdown\">Filtrera p\u00e5 typ <div class=\"facetwp-facet facetwp-facet-topic facetwp-type-dropdown\" data-name=\"topic\" data-type=\"dropdown\"><\/div><\/label> \n         <label for=\"facetwp-dropdown\">Filtrera p\u00e5 namn <div class=\"facetwp-facet facetwp-facet-namn_sort facetwp-type-sort\" data-name=\"namn_sort\" data-type=\"sort\"><\/div><\/label>   \n         <label for=\"facetwp-dropdown\">Filtrera p\u00e5 Spr\u00e5k <div class=\"facetwp-facet facetwp-facet-sprk facetwp-type-dropdown\" data-name=\"sprk\" data-type=\"dropdown\"><\/div><\/label>    \n      <\/form>\n<\/div>\n<div class=\"content\">\n  <label class=\"pager\" for=\"list-c\"><div class=\"facetwp-facet facetwp-facet-pager_ facetwp-type-pager\" data-name=\"pager_\" data-type=\"pager\"><\/div><\/label>\n  <form class=\"list-c\" id=\"list\">\n     <label for=\"fwpl-col fwpl-col el-rxvnu\">Namn<\/label>\n     <label for=\"fwpl-col fwpl-col el-c2ej2w\">Bilaga<\/label>\n     <label for=\"fwpl-col fwpl-col el-p5odea\">Typ av dokument<\/label><hr>\n     <div class=\"facetwp-template\" data-name=\"documents\"><div class=\"fwpl-layout el-um882\"><div class=\"fwpl-result r1\"><div class=\"fwpl-row el-l1g9dl   background: #f2f2f2;   font-family: 'Open Sans', sans-serif;\"><div class=\"fwpl-col fwpl-col el-rxvnu\"><div class=\"fwpl-item el-xy1re\">136928<\/div><div class=\"fwpl-item el-3zoz28\"><hr><\/div><\/div><div class=\"fwpl-col fwpl-col el-c2ej2w\"><div class=\"fwpl-item el-a3prfv\"><a class=\"fa fa-download fa-xs\" href=\"https:\/\/www.labservice.se\/wp-content\/uploads\/2022\/06\/136928-1.pdf\" \ntarget=\"_blank\">&nbsp;Ladda ner<\/a>\n<\/div><div class=\"fwpl-item el-pf88pq\"><hr><\/div><\/div><div class=\"fwpl-col fwpl-col el-p5odea\"><div class=\"fwpl-item el-h5unxq\"><span class=\"fwpl-term fwpl-term-analyscertifikat fwpl-tax-produktblad\">Analyscertifikat<\/span><\/div><div class=\"fwpl-item el-ne3iq\"><hr><\/div><\/div><div class=\"fwpl-col fwpl-col el-52s5k9\"><\/div><\/div><\/div><div class=\"fwpl-result r2\"><div class=\"fwpl-row el-l1g9dl   background: #f2f2f2;   font-family: 'Open Sans', sans-serif;\"><div class=\"fwpl-col fwpl-col el-rxvnu\"><div class=\"fwpl-item el-xy1re\">136928<\/div><div class=\"fwpl-item el-3zoz28\"><hr><\/div><\/div><div class=\"fwpl-col fwpl-col el-c2ej2w\"><div class=\"fwpl-item el-a3prfv\"><a class=\"fa fa-download fa-xs\" href=\"https:\/\/www.labservice.se\/wp-content\/uploads\/2022\/06\/136928-2.pdf\" \ntarget=\"_blank\">&nbsp;Ladda ner<\/a>\n<\/div><div class=\"fwpl-item el-pf88pq\"><hr><\/div><\/div><div class=\"fwpl-col fwpl-col el-p5odea\"><div class=\"fwpl-item el-h5unxq\"><span class=\"fwpl-term fwpl-term-analyscertifikat fwpl-tax-produktblad\">Analyscertifikat<\/span><\/div><div class=\"fwpl-item el-ne3iq\"><hr><\/div><\/div><div class=\"fwpl-col fwpl-col el-52s5k9\"><\/div><\/div><\/div><div class=\"fwpl-result r3\"><div class=\"fwpl-row el-l1g9dl   background: #f2f2f2;   font-family: 'Open Sans', sans-serif;\"><div class=\"fwpl-col fwpl-col el-rxvnu\"><div class=\"fwpl-item el-xy1re\">136928<\/div><div class=\"fwpl-item el-3zoz28\"><hr><\/div><\/div><div class=\"fwpl-col fwpl-col el-c2ej2w\"><div class=\"fwpl-item el-a3prfv\"><a class=\"fa fa-download fa-xs\" href=\"https:\/\/www.labservice.se\/wp-content\/uploads\/2022\/06\/136928-3.pdf\" \ntarget=\"_blank\">&nbsp;Ladda ner<\/a>\n<\/div><div class=\"fwpl-item el-pf88pq\"><hr><\/div><\/div><div class=\"fwpl-col fwpl-col el-p5odea\"><div class=\"fwpl-item el-h5unxq\"><span class=\"fwpl-term fwpl-term-analyscertifikat fwpl-tax-produktblad\">Analyscertifikat<\/span><\/div><div class=\"fwpl-item el-ne3iq\"><hr><\/div><\/div><div class=\"fwpl-col fwpl-col el-52s5k9\"><\/div><\/div><\/div><div class=\"fwpl-result r4\"><div class=\"fwpl-row el-l1g9dl   background: #f2f2f2;   font-family: 'Open Sans', sans-serif;\"><div class=\"fwpl-col fwpl-col el-rxvnu\"><div class=\"fwpl-item el-xy1re\">137003<\/div><div class=\"fwpl-item el-3zoz28\"><hr><\/div><\/div><div class=\"fwpl-col fwpl-col el-c2ej2w\"><div class=\"fwpl-item el-a3prfv\"><a class=\"fa fa-download fa-xs\" href=\"https:\/\/www.labservice.se\/wp-content\/uploads\/2022\/06\/137003-1.pdf\" \ntarget=\"_blank\">&nbsp;Ladda ner<\/a>\n<\/div><div class=\"fwpl-item el-pf88pq\"><hr><\/div><\/div><div class=\"fwpl-col fwpl-col el-p5odea\"><div class=\"fwpl-item el-h5unxq\"><span class=\"fwpl-term fwpl-term-analyscertifikat fwpl-tax-produktblad\">Analyscertifikat<\/span><\/div><div class=\"fwpl-item el-ne3iq\"><hr><\/div><\/div><div class=\"fwpl-col fwpl-col el-52s5k9\"><\/div><\/div><\/div><div class=\"fwpl-result r5\"><div class=\"fwpl-row el-l1g9dl   background: #f2f2f2;   font-family: 'Open Sans', sans-serif;\"><div class=\"fwpl-col fwpl-col el-rxvnu\"><div class=\"fwpl-item el-xy1re\">137003<\/div><div class=\"fwpl-item el-3zoz28\"><hr><\/div><\/div><div class=\"fwpl-col fwpl-col el-c2ej2w\"><div class=\"fwpl-item el-a3prfv\"><a class=\"fa fa-download fa-xs\" href=\"https:\/\/www.labservice.se\/wp-content\/uploads\/2022\/06\/137003-3.pdf\" \ntarget=\"_blank\">&nbsp;Ladda ner<\/a>\n<\/div><div class=\"fwpl-item el-pf88pq\"><hr><\/div><\/div><div class=\"fwpl-col fwpl-col el-p5odea\"><div class=\"fwpl-item el-h5unxq\"><span class=\"fwpl-term fwpl-term-analyscertifikat fwpl-tax-produktblad\">Analyscertifikat<\/span><\/div><div class=\"fwpl-item el-ne3iq\"><hr><\/div><\/div><div class=\"fwpl-col fwpl-col el-52s5k9\"><\/div><\/div><\/div><div class=\"fwpl-result r6\"><div class=\"fwpl-row el-l1g9dl   background: #f2f2f2;   font-family: 'Open Sans', sans-serif;\"><div class=\"fwpl-col fwpl-col el-rxvnu\"><div class=\"fwpl-item el-xy1re\">137003<\/div><div class=\"fwpl-item el-3zoz28\"><hr><\/div><\/div><div class=\"fwpl-col fwpl-col el-c2ej2w\"><div class=\"fwpl-item el-a3prfv\"><a class=\"fa fa-download fa-xs\" href=\"https:\/\/www.labservice.se\/wp-content\/uploads\/2022\/06\/137003-2.pdf\" \ntarget=\"_blank\">&nbsp;Ladda ner<\/a>\n<\/div><div class=\"fwpl-item el-pf88pq\"><hr><\/div><\/div><div class=\"fwpl-col fwpl-col el-p5odea\"><div class=\"fwpl-item el-h5unxq\"><span class=\"fwpl-term fwpl-term-analyscertifikat fwpl-tax-produktblad\">Analyscertifikat<\/span><\/div><div class=\"fwpl-item el-ne3iq\"><hr><\/div><\/div><div class=\"fwpl-col fwpl-col el-52s5k9\"><\/div><\/div><\/div><div class=\"fwpl-result r7\"><div class=\"fwpl-row el-l1g9dl   background: #f2f2f2;   font-family: 'Open Sans', sans-serif;\"><div class=\"fwpl-col fwpl-col el-rxvnu\"><div class=\"fwpl-item el-xy1re\">137003<\/div><div class=\"fwpl-item el-3zoz28\"><hr><\/div><\/div><div class=\"fwpl-col fwpl-col el-c2ej2w\"><div class=\"fwpl-item el-a3prfv\"><a class=\"fa fa-download fa-xs\" href=\"https:\/\/www.labservice.se\/wp-content\/uploads\/2022\/06\/137003-4.pdf\" \ntarget=\"_blank\">&nbsp;Ladda ner<\/a>\n<\/div><div class=\"fwpl-item el-pf88pq\"><hr><\/div><\/div><div class=\"fwpl-col fwpl-col el-p5odea\"><div class=\"fwpl-item el-h5unxq\"><span class=\"fwpl-term fwpl-term-analyscertifikat fwpl-tax-produktblad\">Analyscertifikat<\/span><\/div><div class=\"fwpl-item el-ne3iq\"><hr><\/div><\/div><div class=\"fwpl-col fwpl-col el-52s5k9\"><\/div><\/div><\/div><div class=\"fwpl-result r8\"><div class=\"fwpl-row el-l1g9dl   background: #f2f2f2;   font-family: 'Open Sans', sans-serif;\"><div class=\"fwpl-col fwpl-col el-rxvnu\"><div class=\"fwpl-item el-xy1re\">140528<\/div><div class=\"fwpl-item el-3zoz28\"><hr><\/div><\/div><div class=\"fwpl-col fwpl-col el-c2ej2w\"><div class=\"fwpl-item el-a3prfv\"><a class=\"fa fa-download fa-xs\" href=\"https:\/\/www.labservice.se\/wp-content\/uploads\/2022\/06\/140528-1.pdf\" \ntarget=\"_blank\">&nbsp;Ladda ner<\/a>\n<\/div><div class=\"fwpl-item el-pf88pq\"><hr><\/div><\/div><div class=\"fwpl-col fwpl-col el-p5odea\"><div class=\"fwpl-item el-h5unxq\"><span class=\"fwpl-term fwpl-term-analyscertifikat fwpl-tax-produktblad\">Analyscertifikat<\/span><\/div><div class=\"fwpl-item el-ne3iq\"><hr><\/div><\/div><div class=\"fwpl-col fwpl-col el-52s5k9\"><\/div><\/div><\/div><div class=\"fwpl-result r9\"><div class=\"fwpl-row el-l1g9dl   background: #f2f2f2;   font-family: 'Open Sans', sans-serif;\"><div class=\"fwpl-col fwpl-col el-rxvnu\"><div class=\"fwpl-item el-xy1re\">140528<\/div><div class=\"fwpl-item el-3zoz28\"><hr><\/div><\/div><div class=\"fwpl-col fwpl-col el-c2ej2w\"><div class=\"fwpl-item el-a3prfv\"><a class=\"fa fa-download fa-xs\" href=\"https:\/\/www.labservice.se\/wp-content\/uploads\/2022\/06\/140528-3.pdf\" \ntarget=\"_blank\">&nbsp;Ladda ner<\/a>\n<\/div><div class=\"fwpl-item el-pf88pq\"><hr><\/div><\/div><div class=\"fwpl-col fwpl-col el-p5odea\"><div class=\"fwpl-item el-h5unxq\"><span class=\"fwpl-term fwpl-term-analyscertifikat fwpl-tax-produktblad\">Analyscertifikat<\/span><\/div><div class=\"fwpl-item el-ne3iq\"><hr><\/div><\/div><div class=\"fwpl-col fwpl-col el-52s5k9\"><\/div><\/div><\/div><div class=\"fwpl-result r10\"><div class=\"fwpl-row el-l1g9dl   background: #f2f2f2;   font-family: 'Open Sans', sans-serif;\"><div class=\"fwpl-col fwpl-col el-rxvnu\"><div class=\"fwpl-item el-xy1re\">140528<\/div><div class=\"fwpl-item el-3zoz28\"><hr><\/div><\/div><div class=\"fwpl-col fwpl-col el-c2ej2w\"><div class=\"fwpl-item el-a3prfv\"><a class=\"fa fa-download fa-xs\" href=\"https:\/\/www.labservice.se\/wp-content\/uploads\/2022\/06\/140528-2.pdf\" \ntarget=\"_blank\">&nbsp;Ladda ner<\/a>\n<\/div><div class=\"fwpl-item el-pf88pq\"><hr><\/div><\/div><div class=\"fwpl-col fwpl-col el-p5odea\"><div class=\"fwpl-item el-h5unxq\"><span class=\"fwpl-term fwpl-term-analyscertifikat fwpl-tax-produktblad\">Analyscertifikat<\/span><\/div><div class=\"fwpl-item el-ne3iq\"><hr><\/div><\/div><div class=\"fwpl-col fwpl-col el-52s5k9\"><\/div><\/div><\/div><div class=\"fwpl-result r11\"><div class=\"fwpl-row el-l1g9dl   background: #f2f2f2;   font-family: 'Open Sans', sans-serif;\"><div class=\"fwpl-col fwpl-col el-rxvnu\"><div class=\"fwpl-item el-xy1re\">140528<\/div><div class=\"fwpl-item el-3zoz28\"><hr><\/div><\/div><div class=\"fwpl-col fwpl-col el-c2ej2w\"><div class=\"fwpl-item el-a3prfv\"><a class=\"fa fa-download fa-xs\" href=\"https:\/\/www.labservice.se\/wp-content\/uploads\/2022\/06\/140528-4.pdf\" \ntarget=\"_blank\">&nbsp;Ladda ner<\/a>\n<\/div><div class=\"fwpl-item el-pf88pq\"><hr><\/div><\/div><div class=\"fwpl-col fwpl-col el-p5odea\"><div class=\"fwpl-item el-h5unxq\"><span class=\"fwpl-term fwpl-term-analyscertifikat fwpl-tax-produktblad\">Analyscertifikat<\/span><\/div><div class=\"fwpl-item el-ne3iq\"><hr><\/div><\/div><div class=\"fwpl-col fwpl-col el-52s5k9\"><\/div><\/div><\/div><div class=\"fwpl-result r12\"><div class=\"fwpl-row el-l1g9dl   background: #f2f2f2;   font-family: 'Open Sans', sans-serif;\"><div class=\"fwpl-col fwpl-col el-rxvnu\"><div class=\"fwpl-item el-xy1re\">142067<\/div><div class=\"fwpl-item el-3zoz28\"><hr><\/div><\/div><div class=\"fwpl-col fwpl-col el-c2ej2w\"><div class=\"fwpl-item el-a3prfv\"><a class=\"fa fa-download fa-xs\" href=\"https:\/\/www.labservice.se\/wp-content\/uploads\/2022\/06\/142067-1.pdf\" \ntarget=\"_blank\">&nbsp;Ladda ner<\/a>\n<\/div><div class=\"fwpl-item el-pf88pq\"><hr><\/div><\/div><div class=\"fwpl-col fwpl-col el-p5odea\"><div class=\"fwpl-item el-h5unxq\"><span class=\"fwpl-term fwpl-term-analyscertifikat fwpl-tax-produktblad\">Analyscertifikat<\/span><\/div><div class=\"fwpl-item el-ne3iq\"><hr><\/div><\/div><div class=\"fwpl-col fwpl-col el-52s5k9\"><\/div><\/div><\/div><div class=\"fwpl-result r13\"><div class=\"fwpl-row el-l1g9dl   background: #f2f2f2;   font-family: 'Open Sans', sans-serif;\"><div class=\"fwpl-col fwpl-col el-rxvnu\"><div class=\"fwpl-item el-xy1re\">142067<\/div><div class=\"fwpl-item el-3zoz28\"><hr><\/div><\/div><div class=\"fwpl-col fwpl-col el-c2ej2w\"><div class=\"fwpl-item el-a3prfv\"><a class=\"fa fa-download fa-xs\" href=\"https:\/\/www.labservice.se\/wp-content\/uploads\/2022\/06\/142067-2.pdf\" \ntarget=\"_blank\">&nbsp;Ladda ner<\/a>\n<\/div><div class=\"fwpl-item el-pf88pq\"><hr><\/div><\/div><div class=\"fwpl-col fwpl-col el-p5odea\"><div class=\"fwpl-item el-h5unxq\"><span class=\"fwpl-term fwpl-term-analyscertifikat fwpl-tax-produktblad\">Analyscertifikat<\/span><\/div><div class=\"fwpl-item el-ne3iq\"><hr><\/div><\/div><div class=\"fwpl-col fwpl-col el-52s5k9\"><\/div><\/div><\/div><div class=\"fwpl-result r14\"><div class=\"fwpl-row el-l1g9dl   background: #f2f2f2;   font-family: 'Open Sans', sans-serif;\"><div class=\"fwpl-col fwpl-col el-rxvnu\"><div class=\"fwpl-item el-xy1re\">142067<\/div><div class=\"fwpl-item el-3zoz28\"><hr><\/div><\/div><div class=\"fwpl-col fwpl-col el-c2ej2w\"><div class=\"fwpl-item el-a3prfv\"><a class=\"fa fa-download fa-xs\" href=\"https:\/\/www.labservice.se\/wp-content\/uploads\/2022\/06\/142067-3.pdf\" \ntarget=\"_blank\">&nbsp;Ladda ner<\/a>\n<\/div><div class=\"fwpl-item el-pf88pq\"><hr><\/div><\/div><div class=\"fwpl-col fwpl-col el-p5odea\"><div class=\"fwpl-item el-h5unxq\"><span class=\"fwpl-term fwpl-term-analyscertifikat fwpl-tax-produktblad\">Analyscertifikat<\/span><\/div><div class=\"fwpl-item el-ne3iq\"><hr><\/div><\/div><div class=\"fwpl-col fwpl-col el-52s5k9\"><\/div><\/div><\/div><div class=\"fwpl-result r15\"><div class=\"fwpl-row el-l1g9dl   background: #f2f2f2;   font-family: 'Open Sans', sans-serif;\"><div class=\"fwpl-col fwpl-col el-rxvnu\"><div class=\"fwpl-item el-xy1re\">142896<\/div><div class=\"fwpl-item el-3zoz28\"><hr><\/div><\/div><div class=\"fwpl-col fwpl-col el-c2ej2w\"><div class=\"fwpl-item el-a3prfv\"><a class=\"fa fa-download fa-xs\" href=\"https:\/\/www.labservice.se\/wp-content\/uploads\/2022\/06\/142896.pdf\" \ntarget=\"_blank\">&nbsp;Ladda ner<\/a>\n<\/div><div class=\"fwpl-item el-pf88pq\"><hr><\/div><\/div><div class=\"fwpl-col fwpl-col el-p5odea\"><div class=\"fwpl-item el-h5unxq\"><span class=\"fwpl-term fwpl-term-analyscertifikat fwpl-tax-produktblad\">Analyscertifikat<\/span><\/div><div class=\"fwpl-item el-ne3iq\"><hr><\/div><\/div><div class=\"fwpl-col fwpl-col el-52s5k9\"><\/div><\/div><\/div><div class=\"fwpl-result r16\"><div class=\"fwpl-row el-l1g9dl   background: #f2f2f2;   font-family: 'Open Sans', sans-serif;\"><div class=\"fwpl-col fwpl-col el-rxvnu\"><div class=\"fwpl-item el-xy1re\">143653<\/div><div class=\"fwpl-item el-3zoz28\"><hr><\/div><\/div><div class=\"fwpl-col fwpl-col el-c2ej2w\"><div class=\"fwpl-item el-a3prfv\"><a class=\"fa fa-download fa-xs\" href=\"https:\/\/www.labservice.se\/wp-content\/uploads\/2022\/06\/143653-1.pdf\" \ntarget=\"_blank\">&nbsp;Ladda ner<\/a>\n<\/div><div class=\"fwpl-item el-pf88pq\"><hr><\/div><\/div><div class=\"fwpl-col fwpl-col el-p5odea\"><div class=\"fwpl-item el-h5unxq\"><span class=\"fwpl-term fwpl-term-analyscertifikat fwpl-tax-produktblad\">Analyscertifikat<\/span><\/div><div class=\"fwpl-item el-ne3iq\"><hr><\/div><\/div><div class=\"fwpl-col fwpl-col el-52s5k9\"><\/div><\/div><\/div><div class=\"fwpl-result r17\"><div class=\"fwpl-row el-l1g9dl   background: #f2f2f2;   font-family: 'Open Sans', sans-serif;\"><div class=\"fwpl-col fwpl-col el-rxvnu\"><div class=\"fwpl-item el-xy1re\">143653<\/div><div class=\"fwpl-item el-3zoz28\"><hr><\/div><\/div><div class=\"fwpl-col fwpl-col el-c2ej2w\"><div class=\"fwpl-item el-a3prfv\"><a class=\"fa fa-download fa-xs\" href=\"https:\/\/www.labservice.se\/wp-content\/uploads\/2022\/06\/143653-2.pdf\" \ntarget=\"_blank\">&nbsp;Ladda ner<\/a>\n<\/div><div class=\"fwpl-item el-pf88pq\"><hr><\/div><\/div><div class=\"fwpl-col fwpl-col el-p5odea\"><div class=\"fwpl-item el-h5unxq\"><span class=\"fwpl-term fwpl-term-analyscertifikat fwpl-tax-produktblad\">Analyscertifikat<\/span><\/div><div class=\"fwpl-item el-ne3iq\"><hr><\/div><\/div><div class=\"fwpl-col fwpl-col el-52s5k9\"><\/div><\/div><\/div><div class=\"fwpl-result r18\"><div class=\"fwpl-row el-l1g9dl   background: #f2f2f2;   font-family: 'Open Sans', sans-serif;\"><div class=\"fwpl-col fwpl-col el-rxvnu\"><div class=\"fwpl-item el-xy1re\">143653<\/div><div class=\"fwpl-item el-3zoz28\"><hr><\/div><\/div><div class=\"fwpl-col fwpl-col el-c2ej2w\"><div class=\"fwpl-item el-a3prfv\"><a class=\"fa fa-download fa-xs\" href=\"https:\/\/www.labservice.se\/wp-content\/uploads\/2022\/06\/143653-3.pdf\" \ntarget=\"_blank\">&nbsp;Ladda ner<\/a>\n<\/div><div class=\"fwpl-item el-pf88pq\"><hr><\/div><\/div><div class=\"fwpl-col fwpl-col el-p5odea\"><div class=\"fwpl-item el-h5unxq\"><span class=\"fwpl-term fwpl-term-analyscertifikat fwpl-tax-produktblad\">Analyscertifikat<\/span><\/div><div class=\"fwpl-item el-ne3iq\"><hr><\/div><\/div><div class=\"fwpl-col fwpl-col el-52s5k9\"><\/div><\/div><\/div><div class=\"fwpl-result r19\"><div class=\"fwpl-row el-l1g9dl   background: #f2f2f2;   font-family: 'Open Sans', sans-serif;\"><div class=\"fwpl-col fwpl-col el-rxvnu\"><div class=\"fwpl-item el-xy1re\">144312<\/div><div class=\"fwpl-item el-3zoz28\"><hr><\/div><\/div><div class=\"fwpl-col fwpl-col el-c2ej2w\"><div class=\"fwpl-item el-a3prfv\"><a class=\"fa fa-download fa-xs\" href=\"https:\/\/www.labservice.se\/wp-content\/uploads\/2022\/06\/144312-1.pdf\" \ntarget=\"_blank\">&nbsp;Ladda ner<\/a>\n<\/div><div class=\"fwpl-item el-pf88pq\"><hr><\/div><\/div><div class=\"fwpl-col fwpl-col el-p5odea\"><div class=\"fwpl-item el-h5unxq\"><span class=\"fwpl-term fwpl-term-analyscertifikat fwpl-tax-produktblad\">Analyscertifikat<\/span><\/div><div class=\"fwpl-item el-ne3iq\"><hr><\/div><\/div><div class=\"fwpl-col fwpl-col el-52s5k9\"><\/div><\/div><\/div><div class=\"fwpl-result r20\"><div class=\"fwpl-row el-l1g9dl   background: #f2f2f2;   font-family: 'Open Sans', sans-serif;\"><div class=\"fwpl-col fwpl-col el-rxvnu\"><div class=\"fwpl-item el-xy1re\">144312<\/div><div class=\"fwpl-item el-3zoz28\"><hr><\/div><\/div><div class=\"fwpl-col fwpl-col el-c2ej2w\"><div class=\"fwpl-item el-a3prfv\"><a class=\"fa fa-download fa-xs\" href=\"https:\/\/www.labservice.se\/wp-content\/uploads\/2022\/06\/144312-2.pdf\" \ntarget=\"_blank\">&nbsp;Ladda ner<\/a>\n<\/div><div class=\"fwpl-item el-pf88pq\"><hr><\/div><\/div><div class=\"fwpl-col fwpl-col el-p5odea\"><div class=\"fwpl-item el-h5unxq\"><span class=\"fwpl-term fwpl-term-analyscertifikat fwpl-tax-produktblad\">Analyscertifikat<\/span><\/div><div class=\"fwpl-item el-ne3iq\"><hr><\/div><\/div><div class=\"fwpl-col fwpl-col el-52s5k9\"><\/div><\/div><\/div><\/div>\n<style>\n.fwpl-layout, .fwpl-row {\n    display: grid;\n}\n.fwpl-layout.el-um882 {\n    grid-template-columns: repeat(1, 1fr);\n    grid-gap: 20px;\n}\n.fwpl-btn {\n    text-decoration: none;\n}\n.fwpl-row.el-l1g9dl {\n    grid-template-columns: 1fr 1fr 1fr 1fr;\n}\n.fwpl-item.el-pf88pq {\n    font-size: 1px;\n}\n@media (max-width: 480px) { \n    body .facetwp-template .fwpl-layout,  \n    body .facetwp-template-static .fwpl-layout { grid-template-columns: 1fr; } \n} \n\n<\/style>\n<\/div>\n  <\/form>\n<\/div>\n<\/div>\n<br>\n<div class=\"facetwp-facet facetwp-facet-next_page facetwp-type-pager\" data-name=\"next_page\" data-type=\"pager\"><\/div>\n","protected":false},"excerpt":{"rendered":"<p>Enter the document Name\/Batchnumber in the field below and press enter to perform a search. The field will then provide suggestions for documents. S\u00f6k Filtrera p\u00e5 typ Filtrera p\u00e5 namn<a class=\"excerpt-read-more\" href=\"https:\/\/www.labservice.se\/en\/document\/\" title=\"L\u00e4s Document\">&#8230; L\u00e4s mer &raquo;<\/a><\/p>\n","protected":false},"author":1,"featured_media":247,"parent":0,"menu_order":0,"comment_status":"closed","ping_status":"closed","template":"","meta":{"_acf_changed":false,"content-type":"","footnotes":""},"class_list":["post-3006","page","type-page","status-publish","has-post-thumbnail","hentry"],"acf":[],"_links":{"self":[{"href":"https:\/\/www.labservice.se\/en\/wp-json\/wp\/v2\/pages\/3006","targetHints":{"allow":["GET"]}}],"collection":[{"href":"https:\/\/www.labservice.se\/en\/wp-json\/wp\/v2\/pages"}],"about":[{"href":"https:\/\/www.labservice.se\/en\/wp-json\/wp\/v2\/types\/page"}],"author":[{"embeddable":true,"href":"https:\/\/www.labservice.se\/en\/wp-json\/wp\/v2\/users\/1"}],"replies":[{"embeddable":true,"href":"https:\/\/www.labservice.se\/en\/wp-json\/wp\/v2\/comments?post=3006"}],"version-history":[{"count":15,"href":"https:\/\/www.labservice.se\/en\/wp-json\/wp\/v2\/pages\/3006\/revisions"}],"predecessor-version":[{"id":3029,"href":"https:\/\/www.labservice.se\/en\/wp-json\/wp\/v2\/pages\/3006\/revisions\/3029"}],"wp:featuredmedia":[{"embeddable":true,"href":"https:\/\/www.labservice.se\/en\/wp-json\/wp\/v2\/media\/247"}],"wp:attachment":[{"href":"https:\/\/www.labservice.se\/en\/wp-json\/wp\/v2\/media?parent=3006"}],"curies":[{"name":"wp","href":"https:\/\/api.w.org\/{rel}","templated":true}]}}